{"id":3,"date":"2020-12-10T12:06:02","date_gmt":"2020-12-10T11:06:02","guid":{"rendered":"https:\/\/agroof.net\/conseils\/?page_id=3"},"modified":"2021-02-18T17:09:23","modified_gmt":"2021-02-18T16:09:23","slug":"politique-de-confidentialite","status":"publish","type":"page","link":"https:\/\/agroof.net\/conseils\/politique-de-confidentialite\/","title":{"rendered":"Politique de confidentialit\u00e9"},"content":{"rendered":"<p>[et_pb_section fb_built=\u00a0\u00bb1&Prime; _builder_version=\u00a0\u00bb3.22&Prime;][et_pb_row _builder_version=\u00a0\u00bb3.25&Prime; background_size=\u00a0\u00bbinitial\u00a0\u00bb background_position=\u00a0\u00bbtop_left\u00a0\u00bb background_repeat=\u00a0\u00bbrepeat\u00a0\u00bb][et_pb_column type=\u00a0\u00bb4_4&Prime; _builder_version=\u00a0\u00bb3.25&Prime; custom_padding=\u00a0\u00bb|||\u00a0\u00bb custom_padding__hover=\u00a0\u00bb|||\u00a0\u00bb][et_pb_text _builder_version=\u00a0\u00bb4.9.0&Prime; background_size=\u00a0\u00bbinitial\u00a0\u00bb background_position=\u00a0\u00bbtop_left\u00a0\u00bb background_repeat=\u00a0\u00bbrepeat\u00a0\u00bb hover_enabled=\u00a0\u00bb0&Prime; sticky_enabled=\u00a0\u00bb0&Prime;]<\/p>\n<div class=\"container\">\n<div class=\"k-content-container col-md-12\">\n<div class=\"kode-item k-content kode_news_detail \">\n<h1 style=\"text-align: center;\">Politique de confidentialit\u00e9<\/h1>\n<p style=\"text-align: center;\">Protection des donn\u00e9es personnelles<\/p>\n<p style=\"text-align: center;\">sur le site de agroof.net\/conseils en agroforesterie et plantation de haies<\/p>\n<p><strong>Coordonn\u00e9es<\/strong><\/p>\n<p>Concept, \u00e9dition et production : <a href=\"https:\/\/agroof.net\" target=\"_blank\" rel=\"noopener noreferrer\">Agroof SCOP<\/a> 19 Rue du Luxembourg 30140 Anduze<\/p>\n<p>H\u00e9bergement: <span color=\"#025575\"><a href=\"https:\/\/www.aqueos.net\" target=\"_blank\" rel=\"noopener noreferrer\">AQUEOS<\/a> &#8211; <\/span><span color=\"#025575\">2 Bis Rue Alfred Nobel &#8211; <\/span><span color=\"#025575\">77420 Champs-Sur-Marne<\/span><br \/> Pour contacter cet h\u00e9bergeur, rendez-vous \u00e0 l\u2019adresse https:\/\/www.aqueos.net<\/p>\n<p><strong>Donn\u00e9es personnelles trait\u00e9es<\/strong><\/p>\n<p>Nous recevons de votre part<\/p>\n<ul>\n<li>par formulaire de contact vos NOM, PRENOM, EMAIL, TELEPHONE, ADRESSE POSTALE, METIER ou STRUCTURE.<\/li>\n<li>par inscription \u00e0 la <a href=\"http:\/\/eepurl.com\/cQZ8dr\" target=\"_blank\" rel=\"noopener noreferrer\">newsletter<\/a> : vos NOM, PRENOM, EMAIL.<\/li>\n<\/ul>\n<p><strong>Utilisation de vos donn\u00e9es<\/strong><\/p>\n<p>Nous utilisons vos donn\u00e9es pour vous tenir inform\u00e9 par newsletter de nos <a href=\"https:\/\/agroof.net\/actualites.html\" target=\"_blank\" rel=\"noopener noreferrer\">actualit\u00e9s<\/a> et \u00e9v\u00e8nements.<\/p>\n<p>Dur\u00e9e de vie de vos donn\u00e9es<\/p>\n<p>Nous conservons vos donn\u00e9es 3 ans maximum.<\/p>\n<p><strong>Mesures de s\u00e9curit\u00e9<\/strong><\/p>\n<p>Vos donn\u00e9es sont s\u00e9curis\u00e9es sur notre site par https, par la mise en place d\u2019un fichier htaccess qui s\u00e9curise l\u2019acc\u00e8s au site, par l\u2019acc\u00e8s s\u00e9curis\u00e9 et personnalis\u00e9 \u00e0 notre back-office.<\/p>\n<p>Modification ou suppression de vos donn\u00e9es<\/p>\n<ul>\n<li>Vous nous avez communiqu\u00e9 vos informations par le formulaire de contact : vous pouvez nous contacter par mail contact@agroof.net pour que nous supprimions ou modifions vos donn\u00e9es.<\/li>\n<li>Vous vous \u00eates inscrit \u00e0 notre newsletter : sur chaque mail que vous recevez, vous trouverez en pied de page un lien pour vous d\u00e9sinscrire et pour modifier vos pr\u00e9f\u00e9rences ou vous pouvez nous contacter par mail <a href=\"mailto:contact@agroof.net\">contact@agroof.net<\/a> pour que nous supprimions ou modifions vos donn\u00e9es.<\/li>\n<\/ul>\n<p><strong>Fr\u00e9quence d&rsquo;envoi de mails<br \/> <\/strong><\/p>\n<p>Nous effectuons nos envois \u00e0 la liste de diffusion \u00e0 une fois par trimestre pour limiter la consommation en \u00e9nergie et favoriser le d\u00e9veloppement durable.<\/p>\n<p>&nbsp;<\/p>\n<p><strong>Utilisation de nos listes de diffusion par le service Mailchimp<\/strong><\/p>\n<p>Toute donn\u00e9e personnelle transmise sur le site agroof.net pour l\u2019inscription \u00e0 la newsletter est trait\u00e9e sur Mailchimp.<\/p>\n<p>Nous repr\u00e9sentons et garantissons que notre utilisation de MailChimp est en respect des lois et r\u00e8glements.<br \/> Nous sommes responsables de d\u00e9terminer si l\u2019utilisation de ce service est conforme aux diff\u00e9rentes l\u00e9gislations et r\u00e8glements en vigueur. Nous sommes sujets \u00e0 ces r\u00e8glements en utilisant les services de MailChimp. Nous serons tenus comme responsables si nos services ne respectent pas ses crit\u00e8res<\/p>\n<p>Nous n\u2019utiliserons pas pas ce service pour toute activit\u00e9 ill\u00e9gale ou discriminatoire.<\/p>\n<p>\u00c9tant dans l\u2019Espace \u00c9conomique Europ\u00e9en, nous repr\u00e9sentons et garantissons qu\u2019en cr\u00e9ant une liste de distribution d\u2019emails, en envoyant des mails par MailChimp, et en collectant des informations r\u00e9sultant de l\u2019envoi d\u2019Email, nous:<br \/> \u2013 d\u00e9crirons clairement et par \u00e9crit comment nous voulons utiliser l\u2019information collect\u00e9e, en incluant notre utilisation de MailChimp.<\/p>\n<p>\u2013 Nous obtiendrons l\u2019accord formel pour le transfert et pour le traitement de donn\u00e9es depuis MailChimp, et sinon nous respecterons scrupuleusement les r\u00e8gles de confidentialit\u00e9 que nous aurons d\u00e9crites.<\/p>\n<p>\u2013 Nous avons et allons respecter toutes les r\u00e9glementations, tout comme la protection des donn\u00e9es, la communication \u00e9lectronique, et les lois sur la vie priv\u00e9e qui s\u2019appliquent dans les pays o\u00f9 nous envoyons toute forme d\u2019email via MailChimp.<\/p>\n<p>\u2013 Nous collectons, stockons, utilisons et transf\u00e9rons toutes les donn\u00e9es sur un individu en accord avec les lois et r\u00e8glements sur protection des donn\u00e9es.<\/p>\n<p>\u2013 Nous avons les autorisations n\u00e9cessaires pour autoriser MailChimp \u00e0 recevoir et traiter les donn\u00e9es et envoyer des communications aux individus en notre nom.<\/p>\n<p>\u2013 Nous acceptons \u00e0 indemniser et ne tenons pas MailChimp responsable de toute perte, incluant les frais d\u2019avocats, qui r\u00e9sulteraient d\u2019une violation de toute partie de ces garanties.<br \/> \u2013 Nous avons sign\u00e9 l\u2019Accord de Traitement des donn\u00e9es\u00a0 de Mailchimp.<\/p>\n<p>&nbsp;<\/p>\n<p>Consultez aussi nos <a href=\"https:\/\/agroof.net\/conseils\/mentions-legales\/\">mentions l\u00e9gales<\/a> et nos <a href=\"https:\/\/agroof.net\/conseils\/conditions-generales-dutilisation\/\">conditions d&rsquo;utilisation<\/a>.<\/p>\n<\/div>\n<\/div>\n<\/div>\n<p>[\/et_pb_text][\/et_pb_column][\/et_pb_row][\/et_pb_section]<\/p>\n","protected":false},"excerpt":{"rendered":"<p>Politique de confidentialit\u00e9 Protection des donn\u00e9es personnelles sur le site de agroof.net\/conseils en agroforesterie et plantation de haies Coordonn\u00e9es Concept, \u00e9dition et production : Agroof SCOP 19 Rue du Luxembourg 30140 Anduze H\u00e9bergement: AQUEOS &#8211; 2 Bis Rue Alfred Nobel &#8211; 77420 Champs-Sur-Marne Pour contacter cet h\u00e9bergeur, rendez-vous \u00e0 l\u2019adresse https:\/\/www.aqueos.net Donn\u00e9es personnelles trait\u00e9es Nous [&hellip;]<\/p>\n","protected":false},"author":1,"featured_media":0,"parent":0,"menu_order":0,"comment_status":"closed","ping_status":"open","template":"","meta":{"_et_pb_use_builder":"on","_et_pb_old_content":"<!-- wp:heading -->\n<h2>Qui sommes-nous&nbsp;?<\/h2>\n<!-- \/wp:heading -->\n\n<!-- wp:paragraph -->\n<p>L\u2019adresse de notre site est&nbsp;: https:\/\/agroof.net\/conseils.<\/p>\n<!-- \/wp:paragraph -->\n\n<!-- wp:heading -->\n<h2>Utilisation des donn\u00e9es personnelles collect\u00e9es<\/h2>\n<!-- \/wp:heading -->\n\n<!-- wp:heading {\"level\":3} -->\n<h3>Commentaires<\/h3>\n<!-- \/wp:heading -->\n\n<!-- wp:paragraph -->\n<p>Quand vous laissez un commentaire sur notre site, les donn\u00e9es inscrites dans le formulaire de commentaire, mais aussi votre adresse IP et l\u2019agent utilisateur de votre navigateur sont collect\u00e9s pour nous aider \u00e0 la d\u00e9tection des commentaires ind\u00e9sirables.<\/p>\n<!-- \/wp:paragraph -->\n\n<!-- wp:paragraph -->\n<p>Une cha\u00eene anonymis\u00e9e cr\u00e9\u00e9e \u00e0 partir de votre adresse de messagerie (\u00e9galement appel\u00e9e hash) peut \u00eatre envoy\u00e9e au service Gravatar pour v\u00e9rifier si vous utilisez ce dernier. Les clauses de confidentialit\u00e9 du service Gravatar sont disponibles ici&nbsp;: https:\/\/automattic.com\/privacy\/. Apr\u00e8s validation de votre commentaire, votre photo de profil sera visible publiquement \u00e0 cot\u00e9 de votre commentaire.<\/p>\n<!-- \/wp:paragraph -->\n\n<!-- wp:heading {\"level\":3} -->\n<h3>M\u00e9dias<\/h3>\n<!-- \/wp:heading -->\n\n<!-- wp:paragraph -->\n<p>Si vous t\u00e9l\u00e9versez des images sur le site, nous vous conseillons d\u2019\u00e9viter de t\u00e9l\u00e9verser des images contenant des donn\u00e9es EXIF de coordonn\u00e9es GPS. Les personnes visitant votre site peuvent t\u00e9l\u00e9charger et extraire des donn\u00e9es de localisation depuis ces images.<\/p>\n<!-- \/wp:paragraph -->\n\n<!-- wp:heading {\"level\":3} -->\n<h3>Formulaires de contact<\/h3>\n<!-- \/wp:heading -->\n\n<!-- wp:heading {\"level\":3} -->\n<h3>Cookies<\/h3>\n<!-- \/wp:heading -->\n\n<!-- wp:paragraph -->\n<p>Si vous d\u00e9posez un commentaire sur notre site, il vous sera propos\u00e9 d\u2019enregistrer votre nom, adresse de messagerie et site dans des cookies. C\u2019est uniquement pour votre confort afin de ne pas avoir \u00e0 saisir ces informations si vous d\u00e9posez un autre commentaire plus tard. Ces cookies expirent au bout d\u2019un an.<\/p>\n<!-- \/wp:paragraph -->\n\n<!-- wp:paragraph -->\n<p>Si vous vous rendez sur la page de connexion, un cookie temporaire sera cr\u00e9\u00e9 afin de d\u00e9terminer si votre navigateur accepte les cookies. Il ne contient pas de donn\u00e9es personnelles et sera supprim\u00e9 automatiquement \u00e0 la fermeture de votre navigateur.<\/p>\n<!-- \/wp:paragraph -->\n\n<!-- wp:paragraph -->\n<p>Lorsque vous vous connecterez, nous mettrons en place un certain nombre de cookies pour enregistrer vos informations de connexion et vos pr\u00e9f\u00e9rences d\u2019\u00e9cran. La dur\u00e9e de vie d\u2019un cookie de connexion est de deux jours, celle d\u2019un cookie d\u2019option d\u2019\u00e9cran est d\u2019un an. Si vous cochez \u00ab&nbsp;Se souvenir de moi&nbsp;\u00bb, votre cookie de connexion sera conserv\u00e9 pendant deux semaines. Si vous vous d\u00e9connectez de votre compte, le cookie de connexion sera effac\u00e9.<\/p>\n<!-- \/wp:paragraph -->\n\n<!-- wp:paragraph -->\n<p>En modifiant ou en publiant une publication, un cookie suppl\u00e9mentaire sera enregistr\u00e9 dans votre navigateur. Ce cookie ne comprend aucune donn\u00e9e personnelle. Il indique simplement l\u2019ID de la publication que vous venez de modifier. Il expire au bout d\u2019un jour.<\/p>\n<!-- \/wp:paragraph -->\n\n<!-- wp:heading {\"level\":3} -->\n<h3>Contenu embarqu\u00e9 depuis d\u2019autres sites<\/h3>\n<!-- \/wp:heading -->\n\n<!-- wp:paragraph -->\n<p>Les articles de ce site peuvent inclure des contenus int\u00e9gr\u00e9s (par exemple des vid\u00e9os, images, articles\u2026). Le contenu int\u00e9gr\u00e9 depuis d\u2019autres sites se comporte de la m\u00eame mani\u00e8re que si le visiteur se rendait sur cet autre site.<\/p>\n<!-- \/wp:paragraph -->\n\n<!-- wp:paragraph -->\n<p>Ces sites web pourraient collecter des donn\u00e9es sur vous, utiliser des cookies, embarquer des outils de suivis tiers, suivre vos interactions avec ces contenus embarqu\u00e9s si vous disposez d\u2019un compte connect\u00e9 sur leur site web.<\/p>\n<!-- \/wp:paragraph -->\n\n<!-- wp:heading {\"level\":3} -->\n<h3>Statistiques et mesures d\u2019audience<\/h3>\n<!-- \/wp:heading -->\n\n<!-- wp:heading -->\n<h2>Utilisation et transmission de vos donn\u00e9es personnelles<\/h2>\n<!-- \/wp:heading -->\n\n<!-- wp:paragraph -->\n<p>Si vous demandez une r\u00e9initialisation de votre mot de passe, votre adresse IP sera incluse dans l\u2019e-mail de r\u00e9initialisation.<\/p>\n<!-- \/wp:paragraph -->\n\n<!-- wp:heading -->\n<h2>Dur\u00e9es de stockage de vos donn\u00e9es<\/h2>\n<!-- \/wp:heading -->\n\n<!-- wp:paragraph -->\n<p>Si vous laissez un commentaire, le commentaire et ses m\u00e9tadonn\u00e9es sont conserv\u00e9s ind\u00e9finiment. Cela permet de reconna\u00eetre et approuver automatiquement les commentaires suivants au lieu de les laisser dans la file de mod\u00e9ration.<\/p>\n<!-- \/wp:paragraph -->\n\n<!-- wp:paragraph -->\n<p>Pour les comptes qui s\u2019inscrivent sur notre site (le cas \u00e9ch\u00e9ant), nous stockons \u00e9galement les donn\u00e9es personnelles indiqu\u00e9es dans leur profil. Tous les comptes peuvent voir, modifier ou supprimer leurs informations personnelles \u00e0 tout moment (\u00e0 l\u2019exception de leur identifiant). Les gestionnaires du site peuvent aussi voir et modifier ces informations.<\/p>\n<!-- \/wp:paragraph -->\n\n<!-- wp:heading -->\n<h2>Les droits que vous avez sur vos donn\u00e9es<\/h2>\n<!-- \/wp:heading -->\n\n<!-- wp:paragraph -->\n<p>Si vous avez un compte ou si vous avez laiss\u00e9 des commentaires sur le site, vous pouvez demander \u00e0 recevoir un fichier contenant toutes les donn\u00e9es personnelles que nous poss\u00e9dons \u00e0 votre sujet, incluant celles que vous nous avez fournies. Vous pouvez \u00e9galement demander la suppression des donn\u00e9es personnelles vous concernant. Cela ne prend pas en compte les donn\u00e9es stock\u00e9es \u00e0 des fins administratives, l\u00e9gales ou pour des raisons de s\u00e9curit\u00e9.<\/p>\n<!-- \/wp:paragraph -->\n\n<!-- wp:heading -->\n<h2>Transmission de vos donn\u00e9es personnelles<\/h2>\n<!-- \/wp:heading -->\n\n<!-- wp:paragraph -->\n<p>Les commentaires des visiteurs peuvent \u00eatre v\u00e9rifi\u00e9s \u00e0 l\u2019aide d\u2019un service automatis\u00e9 de d\u00e9tection des commentaires ind\u00e9sirables.<\/p>\n<!-- \/wp:paragraph -->\n\n<!-- wp:heading -->\n<h2>Informations de contact<\/h2>\n<!-- \/wp:heading -->\n\n<!-- wp:heading -->\n<h2>Informations suppl\u00e9mentaires<\/h2>\n<!-- \/wp:heading -->\n\n<!-- wp:heading {\"level\":3} -->\n<h3>Comment nous prot\u00e9geons vos donn\u00e9es<\/h3>\n<!-- \/wp:heading -->\n\n<!-- wp:heading {\"level\":3} -->\n<h3>Proc\u00e9dures mises en \u0153uvre en cas de fuite de donn\u00e9es<\/h3>\n<!-- \/wp:heading -->\n\n<!-- wp:heading {\"level\":3} -->\n<h3>Les services tiers qui nous transmettent des donn\u00e9es<\/h3>\n<!-- \/wp:heading -->\n\n<!-- wp:heading {\"level\":3} -->\n<h3>Op\u00e9rations de marketing automatis\u00e9 et\/ou de profilage r\u00e9alis\u00e9es \u00e0 l\u2019aide des donn\u00e9es personnelles<\/h3>\n<!-- \/wp:heading -->\n\n<!-- wp:heading {\"level\":3} -->\n<h3>Affichage des informations li\u00e9es aux secteurs soumis \u00e0 des r\u00e9gulations sp\u00e9cifiques<\/h3>\n<!-- \/wp:heading -->","_et_gb_content_width":"","footnotes":""},"class_list":["post-3","page","type-page","status-publish","hentry"],"yoast_head":"<!-- This site is optimized with the Yoast SEO plugin v27.3 - https:\/\/yoast.com\/product\/yoast-seo-wordpress\/ -->\n<title>Politique de confidentialit\u00e9 - Agroof- Conseils en agroforesterie<\/title>\n<meta name=\"robots\" content=\"index, follow, max-snippet:-1, max-image-preview:large, max-video-preview:-1\" \/>\n<link rel=\"canonical\" href=\"https:\/\/agroof.net\/conseils\/politique-de-confidentialite\/\" \/>\n<meta property=\"og:locale\" content=\"fr_FR\" \/>\n<meta property=\"og:type\" content=\"article\" \/>\n<meta property=\"og:title\" content=\"Politique de confidentialit\u00e9 - Agroof- Conseils en agroforesterie\" \/>\n<meta property=\"og:description\" content=\"Politique de confidentialit\u00e9 Protection des donn\u00e9es personnelles sur le site de agroof.net\/conseils en agroforesterie et plantation de haies Coordonn\u00e9es Concept, \u00e9dition et production : Agroof SCOP 19 Rue du Luxembourg 30140 Anduze H\u00e9bergement: AQUEOS - 2 Bis Rue Alfred Nobel - 77420 Champs-Sur-Marne Pour contacter cet h\u00e9bergeur, rendez-vous \u00e0 l\u2019adresse https:\/\/www.aqueos.net Donn\u00e9es personnelles trait\u00e9es Nous [&hellip;]\" \/>\n<meta property=\"og:url\" content=\"https:\/\/agroof.net\/conseils\/politique-de-confidentialite\/\" \/>\n<meta property=\"og:site_name\" content=\"Agroof- Conseils en agroforesterie\" \/>\n<meta property=\"article:modified_time\" content=\"2021-02-18T16:09:23+00:00\" \/>\n<meta name=\"twitter:card\" content=\"summary_large_image\" \/>\n<meta name=\"twitter:label1\" content=\"Dur\u00e9e de lecture estim\u00e9e\" \/>\n\t<meta name=\"twitter:data1\" content=\"3 minutes\" \/>\n<script type=\"application\/ld+json\" class=\"yoast-schema-graph\">{\"@context\":\"https:\\\/\\\/schema.org\",\"@graph\":[{\"@type\":\"WebPage\",\"@id\":\"https:\\\/\\\/agroof.net\\\/conseils\\\/politique-de-confidentialite\\\/\",\"url\":\"https:\\\/\\\/agroof.net\\\/conseils\\\/politique-de-confidentialite\\\/\",\"name\":\"Politique de confidentialit\u00e9 - Agroof- Conseils en agroforesterie\",\"isPartOf\":{\"@id\":\"https:\\\/\\\/agroof.net\\\/conseils\\\/#website\"},\"datePublished\":\"2020-12-10T11:06:02+00:00\",\"dateModified\":\"2021-02-18T16:09:23+00:00\",\"breadcrumb\":{\"@id\":\"https:\\\/\\\/agroof.net\\\/conseils\\\/politique-de-confidentialite\\\/#breadcrumb\"},\"inLanguage\":\"fr-FR\",\"potentialAction\":[{\"@type\":\"ReadAction\",\"target\":[\"https:\\\/\\\/agroof.net\\\/conseils\\\/politique-de-confidentialite\\\/\"]}]},{\"@type\":\"BreadcrumbList\",\"@id\":\"https:\\\/\\\/agroof.net\\\/conseils\\\/politique-de-confidentialite\\\/#breadcrumb\",\"itemListElement\":[{\"@type\":\"ListItem\",\"position\":1,\"name\":\"Accueil\",\"item\":\"https:\\\/\\\/agroof.net\\\/conseils\\\/\"},{\"@type\":\"ListItem\",\"position\":2,\"name\":\"Politique de confidentialit\u00e9\"}]},{\"@type\":\"WebSite\",\"@id\":\"https:\\\/\\\/agroof.net\\\/conseils\\\/#website\",\"url\":\"https:\\\/\\\/agroof.net\\\/conseils\\\/\",\"name\":\"Agroof- Conseils en agroforesterie\",\"description\":\"Conseils, expertise et accompagnement des projets agroforestiers, de plantation de haies\",\"potentialAction\":[{\"@type\":\"SearchAction\",\"target\":{\"@type\":\"EntryPoint\",\"urlTemplate\":\"https:\\\/\\\/agroof.net\\\/conseils\\\/?s={search_term_string}\"},\"query-input\":{\"@type\":\"PropertyValueSpecification\",\"valueRequired\":true,\"valueName\":\"search_term_string\"}}],\"inLanguage\":\"fr-FR\"}]}<\/script>\n<!-- \/ Yoast SEO plugin. -->","yoast_head_json":{"title":"Politique de confidentialit\u00e9 - Agroof- Conseils en agroforesterie","robots":{"index":"index","follow":"follow","max-snippet":"max-snippet:-1","max-image-preview":"max-image-preview:large","max-video-preview":"max-video-preview:-1"},"canonical":"https:\/\/agroof.net\/conseils\/politique-de-confidentialite\/","og_locale":"fr_FR","og_type":"article","og_title":"Politique de confidentialit\u00e9 - Agroof- Conseils en agroforesterie","og_description":"Politique de confidentialit\u00e9 Protection des donn\u00e9es personnelles sur le site de agroof.net\/conseils en agroforesterie et plantation de haies Coordonn\u00e9es Concept, \u00e9dition et production : Agroof SCOP 19 Rue du Luxembourg 30140 Anduze H\u00e9bergement: AQUEOS - 2 Bis Rue Alfred Nobel - 77420 Champs-Sur-Marne Pour contacter cet h\u00e9bergeur, rendez-vous \u00e0 l\u2019adresse https:\/\/www.aqueos.net Donn\u00e9es personnelles trait\u00e9es Nous [&hellip;]","og_url":"https:\/\/agroof.net\/conseils\/politique-de-confidentialite\/","og_site_name":"Agroof- Conseils en agroforesterie","article_modified_time":"2021-02-18T16:09:23+00:00","twitter_card":"summary_large_image","twitter_misc":{"Dur\u00e9e de lecture estim\u00e9e":"3 minutes"},"schema":{"@context":"https:\/\/schema.org","@graph":[{"@type":"WebPage","@id":"https:\/\/agroof.net\/conseils\/politique-de-confidentialite\/","url":"https:\/\/agroof.net\/conseils\/politique-de-confidentialite\/","name":"Politique de confidentialit\u00e9 - Agroof- Conseils en agroforesterie","isPartOf":{"@id":"https:\/\/agroof.net\/conseils\/#website"},"datePublished":"2020-12-10T11:06:02+00:00","dateModified":"2021-02-18T16:09:23+00:00","breadcrumb":{"@id":"https:\/\/agroof.net\/conseils\/politique-de-confidentialite\/#breadcrumb"},"inLanguage":"fr-FR","potentialAction":[{"@type":"ReadAction","target":["https:\/\/agroof.net\/conseils\/politique-de-confidentialite\/"]}]},{"@type":"BreadcrumbList","@id":"https:\/\/agroof.net\/conseils\/politique-de-confidentialite\/#breadcrumb","itemListElement":[{"@type":"ListItem","position":1,"name":"Accueil","item":"https:\/\/agroof.net\/conseils\/"},{"@type":"ListItem","position":2,"name":"Politique de confidentialit\u00e9"}]},{"@type":"WebSite","@id":"https:\/\/agroof.net\/conseils\/#website","url":"https:\/\/agroof.net\/conseils\/","name":"Agroof- Conseils en agroforesterie","description":"Conseils, expertise et accompagnement des projets agroforestiers, de plantation de haies","potentialAction":[{"@type":"SearchAction","target":{"@type":"EntryPoint","urlTemplate":"https:\/\/agroof.net\/conseils\/?s={search_term_string}"},"query-input":{"@type":"PropertyValueSpecification","valueRequired":true,"valueName":"search_term_string"}}],"inLanguage":"fr-FR"}]}},"_links":{"self":[{"href":"https:\/\/agroof.net\/conseils\/wp-json\/wp\/v2\/pages\/3","targetHints":{"allow":["GET"]}}],"collection":[{"href":"https:\/\/agroof.net\/conseils\/wp-json\/wp\/v2\/pages"}],"about":[{"href":"https:\/\/agroof.net\/conseils\/wp-json\/wp\/v2\/types\/page"}],"author":[{"embeddable":true,"href":"https:\/\/agroof.net\/conseils\/wp-json\/wp\/v2\/users\/1"}],"replies":[{"embeddable":true,"href":"https:\/\/agroof.net\/conseils\/wp-json\/wp\/v2\/comments?post=3"}],"version-history":[{"count":3,"href":"https:\/\/agroof.net\/conseils\/wp-json\/wp\/v2\/pages\/3\/revisions"}],"predecessor-version":[{"id":1201,"href":"https:\/\/agroof.net\/conseils\/wp-json\/wp\/v2\/pages\/3\/revisions\/1201"}],"wp:attachment":[{"href":"https:\/\/agroof.net\/conseils\/wp-json\/wp\/v2\/media?parent=3"}],"curies":[{"name":"wp","href":"https:\/\/api.w.org\/{rel}","templated":true}]}}